{"id":1681,"date":"2021-05-19T18:03:02","date_gmt":"2021-05-19T18:03:02","guid":{"rendered":"https:\/\/klbtheme.com\/bacola\/?page_id=1663"},"modified":"2021-05-19T18:03:02","modified_gmt":"2021-05-19T18:03:02","slug":"order-tracking","status":"publish","type":"page","link":"https:\/\/sonke.mailsenegal.com\/?page_id=1681","title":{"rendered":"Order Tracking"},"content":{"rendered":"\t\t<div data-elementor-type=\"wp-page\" data-elementor-id=\"1681\" class=\"elementor elementor-1681\">\n\t\t\t\t\t\t<section class=\"elementor-section elementor-top-section elementor-element elementor-element-9fea213 elementor-section-boxed elementor-section-height-default elementor-section-height-default\" data-id=\"9fea213\" data-element_type=\"section\">\n\t\t\t\t\t\t<div class=\"elementor-container elementor-column-gap-extended\">\n\t\t\t\t\t<div class=\"elementor-column elementor-col-100 elementor-top-column elementor-element elementor-element-a193c95\" data-id=\"a193c95\" data-element_type=\"column\">\n\t\t\t<div class=\"elementor-widget-wrap elementor-element-populated\">\n\t\t\t\t\t\t<div class=\"elementor-element elementor-element-d132ffd elementor-widget elementor-widget-shortcode\" data-id=\"d132ffd\" data-element_type=\"widget\" data-widget_type=\"shortcode.default\">\n\t\t\t\t\t\t\t<div class=\"elementor-shortcode\"><div class=\"woocommerce\">\n<form action=\"https:\/\/sonke.mailsenegal.com\/?page_id=1681\" method=\"post\" class=\"woocommerce-form woocommerce-form-track-order track_order\">\n\n\t\n\t<p>Pour suivre votre commande veuillez saisir votre ID de commande dans la boite ci-dessous et cliquer le bouton \u00ab\u00a0Suivre\u00a0\u00bb. Il vous a \u00e9t\u00e9 donn\u00e9 sur votre re\u00e7u et dans l\u2019e-mail de confirmation que vous avez du recevoir.<\/p>\n\n\t<p class=\"form-row form-row-first\"><label for=\"orderid\">N&deg; de commande<\/label> <input class=\"input-text\" type=\"text\" name=\"orderid\" id=\"orderid\" value=\"\" placeholder=\"Pr\u00e9sent dans l\u2019e-mail de confirmation de commande.\" \/><\/p>\t<p class=\"form-row form-row-last\"><label for=\"order_email\">E-mail de facturation<\/label> <input class=\"input-text\" type=\"text\" name=\"order_email\" id=\"order_email\" value=\"\" placeholder=\"E-mail utilis\u00e9 pour la commande.\" \/><\/p>\t<div class=\"clear\"><\/div>\n\n\t\n\t<p class=\"form-row\"><button type=\"submit\" class=\"button\" name=\"track\" value=\"Suivre\">Suivre<\/button><\/p>\n\t<input type=\"hidden\" id=\"woocommerce-order-tracking-nonce\" name=\"woocommerce-order-tracking-nonce\" value=\"ef79dd949a\" \/><input type=\"hidden\" name=\"_wp_http_referer\" value=\"\/index.php?rest_route=%2Fwp%2Fv2%2Fpages%2F1681\" \/>\n\t\n<\/form>\n<\/div><\/div>\n\t\t\t\t\t\t<\/div>\n\t\t\t\t\t<\/div>\n\t\t<\/div>\n\t\t\t\t\t<\/div>\n\t\t<\/section>\n\t\t\t\t<\/div>\n\t\t\n    <div class=\"xs_social_share_widget xs_share_url after_content \t\tmain_content  wslu-style-1 wslu-share-box-shaped wslu-fill-colored wslu-none wslu-share-horizontal wslu-theme-font-no wslu-main_content\">\n\n\t\t\n        <ul>\n\t\t\t        <\/ul>\n    <\/div> \n","protected":false},"excerpt":{"rendered":"","protected":false},"author":1,"featured_media":0,"parent":0,"menu_order":0,"comment_status":"closed","ping_status":"closed","template":"","meta":{"footnotes":""},"class_list":["post-1681","page","type-page","status-publish","hentry"],"yoast_head":"<!-- This site is optimized with the Yoast SEO plugin v26.5 - https:\/\/yoast.com\/wordpress\/plugins\/seo\/ -->\n<title>Order Tracking - Sonke Global Distribution<\/title>\n<meta name=\"robots\" content=\"index, follow, max-snippet:-1, max-image-preview:large, max-video-preview:-1\" \/>\n<link rel=\"canonical\" href=\"https:\/\/sonke.mailsenegal.com\/?page_id=1681\" \/>\n<meta property=\"og:locale\" content=\"fr_FR\" \/>\n<meta property=\"og:type\" content=\"article\" \/>\n<meta property=\"og:title\" content=\"Order Tracking - Sonke Global Distribution\" \/>\n<meta property=\"og:url\" content=\"https:\/\/sonke.mailsenegal.com\/?page_id=1681\" \/>\n<meta property=\"og:site_name\" content=\"Sonke Global Distribution\" \/>\n<meta name=\"twitter:card\" content=\"summary_large_image\" \/>\n<script type=\"application\/ld+json\" class=\"yoast-schema-graph\">{\"@context\":\"https:\/\/schema.org\",\"@graph\":[{\"@type\":\"WebPage\",\"@id\":\"https:\/\/sonke.mailsenegal.com\/?page_id=1681\",\"url\":\"https:\/\/sonke.mailsenegal.com\/?page_id=1681\",\"name\":\"Order Tracking - Sonke Global Distribution\",\"isPartOf\":{\"@id\":\"https:\/\/sonke.mailsenegal.com\/#website\"},\"datePublished\":\"2021-05-19T18:03:02+00:00\",\"breadcrumb\":{\"@id\":\"https:\/\/sonke.mailsenegal.com\/?page_id=1681#breadcrumb\"},\"inLanguage\":\"fr-FR\",\"potentialAction\":[{\"@type\":\"ReadAction\",\"target\":[\"https:\/\/sonke.mailsenegal.com\/?page_id=1681\"]}]},{\"@type\":\"BreadcrumbList\",\"@id\":\"https:\/\/sonke.mailsenegal.com\/?page_id=1681#breadcrumb\",\"itemListElement\":[{\"@type\":\"ListItem\",\"position\":1,\"name\":\"Accueil\",\"item\":\"https:\/\/sonke.mailsenegal.com\/\"},{\"@type\":\"ListItem\",\"position\":2,\"name\":\"Order Tracking\"}]},{\"@type\":\"WebSite\",\"@id\":\"https:\/\/sonke.mailsenegal.com\/#website\",\"url\":\"https:\/\/sonke.mailsenegal.com\/\",\"name\":\"Sonke Global Distribution\",\"description\":\"\",\"potentialAction\":[{\"@type\":\"SearchAction\",\"target\":{\"@type\":\"EntryPoint\",\"urlTemplate\":\"https:\/\/sonke.mailsenegal.com\/?s={search_term_string}\"},\"query-input\":{\"@type\":\"PropertyValueSpecification\",\"valueRequired\":true,\"valueName\":\"search_term_string\"}}],\"inLanguage\":\"fr-FR\"}]}<\/script>\n<!-- \/ Yoast SEO plugin. -->","yoast_head_json":{"title":"Order Tracking - Sonke Global Distribution","robots":{"index":"index","follow":"follow","max-snippet":"max-snippet:-1","max-image-preview":"max-image-preview:large","max-video-preview":"max-video-preview:-1"},"canonical":"https:\/\/sonke.mailsenegal.com\/?page_id=1681","og_locale":"fr_FR","og_type":"article","og_title":"Order Tracking - Sonke Global Distribution","og_url":"https:\/\/sonke.mailsenegal.com\/?page_id=1681","og_site_name":"Sonke Global Distribution","twitter_card":"summary_large_image","schema":{"@context":"https:\/\/schema.org","@graph":[{"@type":"WebPage","@id":"https:\/\/sonke.mailsenegal.com\/?page_id=1681","url":"https:\/\/sonke.mailsenegal.com\/?page_id=1681","name":"Order Tracking - Sonke Global Distribution","isPartOf":{"@id":"https:\/\/sonke.mailsenegal.com\/#website"},"datePublished":"2021-05-19T18:03:02+00:00","breadcrumb":{"@id":"https:\/\/sonke.mailsenegal.com\/?page_id=1681#breadcrumb"},"inLanguage":"fr-FR","potentialAction":[{"@type":"ReadAction","target":["https:\/\/sonke.mailsenegal.com\/?page_id=1681"]}]},{"@type":"BreadcrumbList","@id":"https:\/\/sonke.mailsenegal.com\/?page_id=1681#breadcrumb","itemListElement":[{"@type":"ListItem","position":1,"name":"Accueil","item":"https:\/\/sonke.mailsenegal.com\/"},{"@type":"ListItem","position":2,"name":"Order Tracking"}]},{"@type":"WebSite","@id":"https:\/\/sonke.mailsenegal.com\/#website","url":"https:\/\/sonke.mailsenegal.com\/","name":"Sonke Global Distribution","description":"","potentialAction":[{"@type":"SearchAction","target":{"@type":"EntryPoint","urlTemplate":"https:\/\/sonke.mailsenegal.com\/?s={search_term_string}"},"query-input":{"@type":"PropertyValueSpecification","valueRequired":true,"valueName":"search_term_string"}}],"inLanguage":"fr-FR"}]}},"jetpack_sharing_enabled":true,"_links":{"self":[{"href":"https:\/\/sonke.mailsenegal.com\/index.php?rest_route=\/wp\/v2\/pages\/1681","targetHints":{"allow":["GET"]}}],"collection":[{"href":"https:\/\/sonke.mailsenegal.com\/index.php?rest_route=\/wp\/v2\/pages"}],"about":[{"href":"https:\/\/sonke.mailsenegal.com\/index.php?rest_route=\/wp\/v2\/types\/page"}],"author":[{"embeddable":true,"href":"https:\/\/sonke.mailsenegal.com\/index.php?rest_route=\/wp\/v2\/users\/1"}],"replies":[{"embeddable":true,"href":"https:\/\/sonke.mailsenegal.com\/index.php?rest_route=%2Fwp%2Fv2%2Fcomments&post=1681"}],"version-history":[{"count":0,"href":"https:\/\/sonke.mailsenegal.com\/index.php?rest_route=\/wp\/v2\/pages\/1681\/revisions"}],"wp:attachment":[{"href":"https:\/\/sonke.mailsenegal.com\/index.php?rest_route=%2Fwp%2Fv2%2Fmedia&parent=1681"}],"curies":[{"name":"wp","href":"https:\/\/api.w.org\/{rel}","templated":true}]}}